{"id":53,"date":"2021-08-01T19:32:19","date_gmt":"2021-08-01T17:32:19","guid":{"rendered":"https:\/\/www.juanramonbres.com\/?page_id=53"},"modified":"2025-06-20T06:24:01","modified_gmt":"2025-06-20T06:24:01","slug":"biography","status":"publish","type":"page","link":"https:\/\/juanramonbres.com\/es\/biography\/","title":{"rendered":"Biograf\u00eda"},"content":{"rendered":"<div data-elementor-type=\"wp-page\" data-elementor-id=\"53\" class=\"elementor elementor-53\">\n\t\t\t\t\t\t\t\t\t<section class=\"elementor-section elementor-top-section elementor-element elementor-element-06c85be elementor-section-boxed elementor-section-height-default elementor-section-height-default\" data-id=\"06c85be\" data-element_type=\"section\" data-settings=\"{&quot;background_background&quot;:&quot;classic&quot;}\">\n\t\t\t\t\t\t<div class=\"elementor-container elementor-column-gap-custom\">\n\t\t\t\t\t<div class=\"elementor-column elementor-col-50 elementor-top-column elementor-element elementor-element-79808ec\" data-id=\"79808ec\" data-element_type=\"column\">\n\t\t\t<div class=\"elementor-widget-wrap elementor-element-populated\">\n\t\t\t\t\t\t\t\t<div class=\"elementor-element elementor-element-d1a4ad2 elementor-widget elementor-widget-text-editor\" data-id=\"d1a4ad2\" data-element_type=\"widget\" data-widget_type=\"text-editor.default\">\n\t\t\t\t<div class=\"elementor-widget-container\">\n\t\t\t<style>\/*! elementor - v3.17.0 - 25-10-2023 *\/\n.elementor-widget-text-editor.elementor-drop-cap-view-stacked .elementor-drop-cap{background-color:#69727d;color:#fff}.elementor-widget-text-editor.elementor-drop-cap-view-framed .elementor-drop-cap{color:#69727d;border:3px solid;background-color:transparent}.elementor-widget-text-editor:not(.elementor-drop-cap-view-default) .elementor-drop-cap{margin-top:8px}.elementor-widget-text-editor:not(.elementor-drop-cap-view-default) .elementor-drop-cap-letter{width:1em;height:1em}.elementor-widget-text-editor .elementor-drop-cap{float:left;text-align:center;line-height:1;font-size:50px}.elementor-widget-text-editor .elementor-drop-cap-letter{display:inline-block}<\/style>\t\t\t\t<p>Juan Ram\u00f3n Bres Regueiro naci\u00f3 en C\u00e1diz en 1996. Es un m\u00fasico especializado en m\u00fasica cl\u00e1sica, con un gran inter\u00e9s por el repertorio orquestal, lo que lo ha llevado a ofrecer conciertos a nivel internacional.<\/p><p>Ha trabajado como flauta co-principal y piccolo durante la temporada 2024\/2025 en la Orquesta Sinf\u00f3nica de Helsingborg. Para la temporada 2025\/2026 ha sido invitado a participar como flauta principal con la Orquesta Filarm\u00f3nica de Bergen.<\/p><p>Colabora habitualmente con la Real Orquesta Sinf\u00f3nica de Sevilla (ROSS), y tambi\u00e9n ha tocado con orquestas como Gibraltar Philarmonic, Sinfonisches Orchester Schweiz, y forma parte de la bolsa de instrumentistas de la Orchestre de Chambre de Lausanne.<\/p>\t\t\t\t\t\t<\/div>\n\t\t\t\t<\/div>\n\t\t\t\t<div class=\"elementor-element elementor-element-2c704f5 elementor-widget elementor-widget-image\" data-id=\"2c704f5\" data-element_type=\"widget\" data-widget_type=\"image.default\">\n\t\t\t\t<div class=\"elementor-widget-container\">\n\t\t\t<style>\/*! elementor - v3.17.0 - 25-10-2023 *\/\n.elementor-widget-image{text-align:center}.elementor-widget-image a{display:inline-block}.elementor-widget-image a img[src$=\".svg\"]{width:48px}.elementor-widget-image img{vertical-align:middle;display:inline-block}<\/style>\t\t\t\t\t\t\t\t\t\t\t\t<img fetchpriority=\"high\" decoding=\"async\" width=\"640\" height=\"640\" src=\"https:\/\/juanramonbres.com\/wp-content\/uploads\/2023\/12\/3.jpg\" class=\"attachment-full size-full wp-image-758\" alt=\"\" srcset=\"https:\/\/juanramonbres.com\/wp-content\/uploads\/2023\/12\/3.jpg 640w, https:\/\/juanramonbres.com\/wp-content\/uploads\/2023\/12\/3-300x300.jpg 300w, https:\/\/juanramonbres.com\/wp-content\/uploads\/2023\/12\/3-150x150.jpg 150w, https:\/\/juanramonbres.com\/wp-content\/uploads\/2023\/12\/3-12x12.jpg 12w\" sizes=\"(max-width: 640px) 100vw, 640px\" \/>\t\t\t\t\t\t\t\t\t\t\t\t\t\t\t<\/div>\n\t\t\t\t<\/div>\n\t\t\t\t<div class=\"elementor-element elementor-element-7785488 elementor-widget elementor-widget-text-editor\" data-id=\"7785488\" data-element_type=\"widget\" data-widget_type=\"text-editor.default\">\n\t\t\t\t<div class=\"elementor-widget-container\">\n\t\t\t\t\t\t\t<p>Durante su formaci\u00f3n, tuvo la oportunidad de tocar en ensembles, grupos de m\u00fasica de c\u00e1mara y orquestas jovenes internacionales, entre ellas la Junge Philharmonie Zentralschweiz, la World Youth Orchestra Zoltan K\u00f3daly, la HKB Sinfonieorchester, el Ensemble Vertigo de la HKB (Berna), y la OSC (Orquesta Sinf\u00f3nica Conjunta de Sevilla).<\/p><p>Ha actuado bajo la batuta de directores como Maxime Pascal, Emilio Pom\u00e0rico, Marie Jacquot, Pier Giorgio Morandi, Ronald Zollman, Karel Mark Chichon, John Axelrod, V\u00e1sary Tam\u00e1s, Johannes Gustavsson, entre otros, tocando en salas como la Slovak Radio, Haydn Hall en Austria, Helsingborgs Konserthus, Gran Teatro Manuel de Falla en C\u00e1diz, Teatro de la Maestranza en Sevilla, KKL Luzern, Gran Casino de Berna, Tonhalle Z\u00fcrich, Gran Casino de Basilea y el Konserthuset de Estocolmo, entre otros.<\/p><p>Comenz\u00f3 sus estudios musicales en el conservatorio de su ciudad natal, en C\u00e1diz, para luego trasladarse al Conservatorio Superior de Sevilla, donde obtuvo su licenciatura. Al comienzo de \u00e9sta obtuvo el tercer premio para solistas en el Auditorio de la Casa de las Artes de C\u00e1diz interpretando el Concierto para flauta y orquesta de Carl Reinecke.<\/p>\t\t\t\t\t\t<\/div>\n\t\t\t\t<\/div>\n\t\t\t\t\t<\/div>\n\t\t<\/div>\n\t\t\t\t<div class=\"elementor-column elementor-col-50 elementor-top-column elementor-element elementor-element-3a31d68\" data-id=\"3a31d68\" data-element_type=\"column\">\n\t\t\t<div class=\"elementor-widget-wrap elementor-element-populated\">\n\t\t\t\t\t\t\t\t<div class=\"elementor-element elementor-element-66cc7ae elementor-widget elementor-widget-text-editor\" data-id=\"66cc7ae\" data-element_type=\"widget\" data-widget_type=\"text-editor.default\">\n\t\t\t\t<div class=\"elementor-widget-container\">\n\t\t\t\t\t\t\t<p>Al mismo tiempo estudi\u00f3 con el flautista Vicent Morell\u00f3 Broseta (solista de la Real Orquesta Sinf\u00f3nica de Sevilla) quien influy\u00f3 enormemente en su musicalidad.<\/p><p>Con el fin de perfeccionar su t\u00e9cnica, desarroll\u00f3 un inter\u00e9s por la escuela francesa de flauta y se traslad\u00f3 a Francia para estudiar en el Conservatoire R\u00e9gional de Dijon con Martine Charlot, profesora en el P\u00f4le Sup\u00e9rieur de Dijon (ESM) y flauta principal de la Orchestre Dijon Bourgogne.<\/p><p>M\u00e1s adelante, se traslad\u00f3 a Suiza, donde recibi\u00f3 becas de fundaciones como Sylvie Rusconi, Else v. Stiftung, Sostenuto Stiftung, Auskult Stiftung, Fondation Inspir\u2019, Gertrud Ruegg Stiftung, Rita Zimmermann Musik-Stiftung, Erna und Curt Burgauer y Birgit Holzherr Stiftung.<\/p>\t\t\t\t\t\t<\/div>\n\t\t\t\t<\/div>\n\t\t\t\t<div class=\"elementor-element elementor-element-220a228 elementor-widget elementor-widget-image\" data-id=\"220a228\" data-element_type=\"widget\" data-widget_type=\"image.default\">\n\t\t\t\t<div class=\"elementor-widget-container\">\n\t\t\t\t\t\t\t\t\t\t\t\t\t\t\t<img decoding=\"async\" width=\"1066\" height=\"1170\" src=\"https:\/\/juanramonbres.com\/wp-content\/uploads\/2023\/12\/9-e1704043343507.jpg\" class=\"attachment-full size-full wp-image-764\" alt=\"\" srcset=\"https:\/\/juanramonbres.com\/wp-content\/uploads\/2023\/12\/9-e1704043343507.jpg 1066w, https:\/\/juanramonbres.com\/wp-content\/uploads\/2023\/12\/9-e1704043343507-273x300.jpg 273w, https:\/\/juanramonbres.com\/wp-content\/uploads\/2023\/12\/9-e1704043343507-933x1024.jpg 933w, https:\/\/juanramonbres.com\/wp-content\/uploads\/2023\/12\/9-e1704043343507-768x843.jpg 768w, https:\/\/juanramonbres.com\/wp-content\/uploads\/2023\/12\/9-e1704043343507-11x12.jpg 11w\" sizes=\"(max-width: 1066px) 100vw, 1066px\" \/>\t\t\t\t\t\t\t\t\t\t\t\t\t\t\t<\/div>\n\t\t\t\t<\/div>\n\t\t\t\t<div class=\"elementor-element elementor-element-e049791 elementor-widget elementor-widget-text-editor\" data-id=\"e049791\" data-element_type=\"widget\" data-widget_type=\"text-editor.default\">\n\t\t\t\t<div class=\"elementor-widget-container\">\n\t\t\t\t\t\t\t<p>Esto le permiti\u00f3 estudiar en la Hochschule der K\u00fcnste Bern (HKB), donde obtuvo un m\u00e1ster en interpretaci\u00f3n con Martin Fahlenbock, y en la Hochschule Luzern (HSLU), donde realiz\u00f3 un m\u00e1ster de especializaci\u00f3n orquestal con Sarah Rumer (flauta principal de la Orchestre de la Suisse Romande), asistiendo tambi\u00e9n a clases con Jona Venturi (piccolo principal de la Orchestre de la Suisse Romande) y Rute Fernandes (flauta principal de la \u00d3pera de Z\u00farich). Paralelamente, estudi\u00f3 piccolo con el Prof. Nicola Mazzanti en Lucerna.<\/p><p>Adem\u00e1s, ha asistido a clases magistrales y cursos de especializaci\u00f3n con flautistas y pedagogos de prestigio como Clara Andrada, Jacques Zoon, Silvia Careddu, Andrea Oliva, Adam Walker, Beno\u00eet Fromanger, Francisco L\u00f3pez, Julien Beaudiment, Paco Varoch, Bodoky Gergely, Yuki Koyama y \u00c1lvaro Octavio,\u00a0entre\u00a0otros.<\/p>\t\t\t\t\t\t<\/div>\n\t\t\t\t<\/div>\n\t\t\t\t\t<\/div>\n\t\t<\/div>\n\t\t\t\t\t\t\t<\/div>\n\t\t<\/section>\n\t\t\t\t\t\t\t<\/div>","protected":false},"excerpt":{"rendered":"<p>Juan Ram\u00f3n Bres Regueiro was born in C\u00e1diz in 1996. He is a musician specialized in classical music, with a strong interest in orchestral repertoire, which has led him to perform concerts internationally. He worked as co-principal flute and piccolo during the 2024\/2025 season at the Helsingborg Symphony Orchestra. For the 2025\/2026 season, he has &hellip;<\/p>\n<p class=\"read-more\"> <a class=\"\" href=\"https:\/\/juanramonbres.com\/es\/biography\/\"> <span class=\"screen-reader-text\">Biograf\u00eda<\/span> Read More &raquo;<\/a><\/p>","protected":false},"author":1,"featured_media":0,"parent":0,"menu_order":2,"comment_status":"closed","ping_status":"closed","template":"","meta":{"site-sidebar-layout":"no-sidebar","site-content-layout":"page-builder","ast-site-content-layout":"","site-content-style":"default","site-sidebar-style":"default","ast-global-header-display":"","ast-banner-title-visibility":"","ast-main-header-display":"","ast-hfb-above-header-display":"","ast-hfb-below-header-display":"","ast-hfb-mobile-header-display":"","site-post-title":"disabled","ast-breadcrumbs-content":"","ast-featured-img":"disabled","footer-sml-layout":"","theme-transparent-header-meta":"","adv-header-id-meta":"","stick-header-meta":"","header-above-stick-meta":"","header-main-stick-meta":"","header-below-stick-meta":"","astra-migrate-meta-layouts":"","ast-page-background-enabled":"default","ast-page-background-meta":{"desktop":{"background-color":"var(--ast-global-color-4)","background-image":"","background-repeat":"repeat","background-position":"center center","background-size":"auto","background-attachment":"scroll","background-type":"","background-media":"","overlay-type":"","overlay-color":"","overlay-gradient":""},"tablet":{"background-color":"","background-image":"","background-repeat":"repeat","background-position":"center center","background-size":"auto","background-attachment":"scroll","background-type":"","background-media":"","overlay-type":"","overlay-color":"","overlay-gradient":""},"mobile":{"background-color":"","background-image":"","background-repeat":"repeat","background-position":"center center","background-size":"auto","background-attachment":"scroll","background-type":"","background-media":"","overlay-type":"","overlay-color":"","overlay-gradient":""}},"ast-content-background-meta":{"desktop":{"background-color":"var(--ast-global-color-5)","background-image":"","background-repeat":"repeat","background-position":"center center","background-size":"auto","background-attachment":"scroll","background-type":"","background-media":"","overlay-type":"","overlay-color":"","overlay-gradient":""},"tablet":{"background-color":"var(--ast-global-color-5)","background-image":"","background-repeat":"repeat","background-position":"center center","background-size":"auto","background-attachment":"scroll","background-type":"","background-media":"","overlay-type":"","overlay-color":"","overlay-gradient":""},"mobile":{"background-color":"var(--ast-global-color-5)","background-image":"","background-repeat":"repeat","background-position":"center center","background-size":"auto","background-attachment":"scroll","background-type":"","background-media":"","overlay-type":"","overlay-color":"","overlay-gradient":""}},"footnotes":""},"class_list":["post-53","page","type-page","status-publish","hentry"],"_links":{"self":[{"href":"https:\/\/juanramonbres.com\/es\/wp-json\/wp\/v2\/pages\/53","targetHints":{"allow":["GET"]}}],"collection":[{"href":"https:\/\/juanramonbres.com\/es\/wp-json\/wp\/v2\/pages"}],"about":[{"href":"https:\/\/juanramonbres.com\/es\/wp-json\/wp\/v2\/types\/page"}],"author":[{"embeddable":true,"href":"https:\/\/juanramonbres.com\/es\/wp-json\/wp\/v2\/users\/1"}],"replies":[{"embeddable":true,"href":"https:\/\/juanramonbres.com\/es\/wp-json\/wp\/v2\/comments?post=53"}],"version-history":[{"count":45,"href":"https:\/\/juanramonbres.com\/es\/wp-json\/wp\/v2\/pages\/53\/revisions"}],"predecessor-version":[{"id":976,"href":"https:\/\/juanramonbres.com\/es\/wp-json\/wp\/v2\/pages\/53\/revisions\/976"}],"wp:attachment":[{"href":"https:\/\/juanramonbres.com\/es\/wp-json\/wp\/v2\/media?parent=53"}],"curies":[{"name":"wp","href":"https:\/\/api.w.org\/{rel}","templated":true}]}}